{"id":5262,"date":"2025-06-26T20:28:06","date_gmt":"2025-06-26T20:28:06","guid":{"rendered":"https:\/\/menudigitale.info\/millesapori\/?page_id=5262"},"modified":"2025-06-26T20:37:13","modified_gmt":"2025-06-26T20:37:13","slug":"mille-sapori-offline","status":"publish","type":"page","link":"https:\/\/menudigitale.info\/millesapori\/mille-sapori-offline\/","title":{"rendered":"Mille Sapori offline"},"content":{"rendered":"<div class=\"fusion-fullwidth fullwidth-box fusion-builder-row-1 has-pattern-background has-mask-background fusion-parallax-none nonhundred-percent-fullwidth hundred-percent-height hundred-percent-height-center-content non-hundred-percent-height-scrolling\" style=\"--awb-background-position:left top;--awb-border-radius-top-left:0px;--awb-border-radius-top-right:0px;--awb-border-radius-bottom-right:0px;--awb-border-radius-bottom-left:0px;--awb-padding-top:0px;--awb-padding-right:0px;--awb-padding-bottom:0px;--awb-padding-left:0px;--awb-margin-top:0px;--awb-margin-bottom:0px;--awb-background-image:url(&quot;https:\/\/menudigitale.info\/millesapori\/wp-content\/uploads\/sites\/6\/2020\/05\/copertina-pizza-dark.jpg&quot;);--awb-background-size:cover;--awb-flex-wrap:wrap;\" ><div class=\"fusion-fullwidth-center-content\"><div class=\"fusion-builder-row fusion-row\"><div class=\"fusion-layout-column fusion_builder_column fusion-builder-column-0 fusion_builder_column_1_1 1_1 fusion-one-full fusion-column-first fusion-column-last box-cover\" style=\"--awb-padding-top:20px;--awb-padding-right:20px;--awb-padding-bottom:60px;--awb-padding-left:20px;--awb-bg-size:cover;\" data-scroll-devices=\"small-visibility,medium-visibility,large-visibility\"><div class=\"fusion-column-wrapper fusion-column-has-shadow fusion-flex-column-wrapper-legacy\"><div class=\"fusion-modal modal fade modal-1 azienda\" tabindex=\"-1\" role=\"dialog\" aria-labelledby=\"modal-heading-1\" aria-hidden=\"true\" style=\"--awb-border-color:#ebebeb;--awb-background:#f6f6f6;\"><div class=\"modal-dialog modal-sm\" role=\"document\"><div class=\"modal-content fusion-modal-content\"><div class=\"modal-header\"><button class=\"close\" type=\"button\" data-dismiss=\"modal\" aria-hidden=\"true\" aria-label=\"Chiudi\">&times;<\/button><h3 class=\"modal-title\" id=\"modal-heading-1\" data-dismiss=\"modal\" aria-hidden=\"true\">Mille Sapori<\/h3><\/div><div class=\"modal-body fusion-clearfix\">\n<p><span style=\"font-size: 15px:;\"><strong>Dove Siamo:<\/strong><\/span><\/p>\n\t\t\t\t\t<script type=\"text\/javascript\">\n\t\t\t\t\t\tvar map_fusion_map_69f4ceadef26b;\n\t\t\t\t\t\tvar markers = [];\n\t\t\t\t\t\tvar counter = 0;\n\t\t\t\t\t\t\t\t\t\t\t\t\t\t\t\t\t\t\t\tvar fusionMapNonce = '102f1eb62f';\n\t\t\t\t\t\t\t\t\t\t\t\tfunction fusion_run_map_fusion_map_69f4ceadef26b() {\n\t\t\t\t\t\t\tjQuery ('#fusion_map_69f4ceadef26b' ).fusion_maps( {\n\t\t\t\t\t\t\t\taddresses: [{\"address\":\"Viale Scala Greca, 187 - 96100 Siracusa SR\",\"infobox_content\":\"\",\"coordinates\":false,\"cache\":true,\"latitude\":\"37.0886797\",\"longitude\":\"15.2717966\"}],\n\t\t\t\t\t\t\t\tanimations: false,\n\t\t\t\t\t\t\t\tinfobox_background_color: '',\n\t\t\t\t\t\t\t\tinfobox_styling: 'default',\n\t\t\t\t\t\t\t\tinfobox_text_color: '',\n\t\t\t\t\t\t\t\tmap_style: 'custom',\n\t\t\t\t\t\t\t\tmap_type: 'roadmap',\n\t\t\t\t\t\t\t\tmarker_icon: '',\n\t\t\t\t\t\t\t\toverlay_color: '',\n\t\t\t\t\t\t\t\toverlay_color_hsl: {\"hue\":0,\"sat\":0,\"lum\":100},\n\t\t\t\t\t\t\t\tshow_address: true,\n\t\t\t\t\t\t\t\tscale_control: false,\n\t\t\t\t\t\t\t\tscrollwheel: false,\n\t\t\t\t\t\t\t\tzoom: 14,\n\t\t\t\t\t\t\t\tzoom_control: false,\n\t\t\t\t\t\t\t} );\n\t\t\t\t\t\t}\n\n\t\t\t\t\t\tgoogle.maps.event.addDomListener(window, 'load', fusion_run_map_fusion_map_69f4ceadef26b);\n\t\t\t\t\t<\/script>\n\t\t\t\t\t<div class=\"shortcode-map fusion-google-map fusion-maps-js-type\" style=\"--awb-height:250px;\" id=\"fusion_map_69f4ceadef26b\"><\/div><div class=\"fusion-sep-clear\"><\/div><div class=\"fusion-separator fusion-full-width-sep\" style=\"margin-left: auto;margin-right: auto;margin-top:0px;margin-bottom:0px;width:100%;\"><\/div><div class=\"fusion-sep-clear\"><\/div>\n<p><strong>Viale Scala Greca, 187<\/strong><br \/>\n<strong>96100 Siracusa SR<\/strong><\/p>\n<div class=\"fusion-sep-clear\"><\/div><div class=\"fusion-separator fusion-full-width-sep\" style=\"margin-left: auto;margin-right: auto;margin-bottom:10px;width:100%;\"><div class=\"fusion-separator-border sep-single sep-solid\" style=\"--awb-height:20px;--awb-amount:20px;border-color:#e0dede;border-top-width:1px;\"><\/div><\/div><div class=\"fusion-sep-clear\"><\/div>\n<p><span style=\"font-size: 15px:;\"><strong>Qualcosa su di noi:<\/strong><\/span><\/p>\n<p>Ristorante, Trattoria e Pizzeria a Siracusa<\/p>\n<div class=\"fusion-sep-clear\"><\/div><div class=\"fusion-separator fusion-full-width-sep\" style=\"margin-left: auto;margin-right: auto;margin-bottom:10px;width:100%;\"><div class=\"fusion-separator-border sep-single sep-solid\" style=\"--awb-height:20px;--awb-amount:20px;border-color:#e0dede;border-top-width:1px;\"><\/div><\/div><div class=\"fusion-sep-clear\"><\/div>\n<p><span style=\"font-size: 15px:;\"><strong>Orari di apertura:<\/strong><\/span><\/p>\n<table width=\"100%\">\n<tbody>\n<tr>\n<td align=\"left\">Luned\u00ec<\/td>\n<td align=\"right\">18:00 &#8211; 23:00<\/td>\n<\/tr>\n<tr>\n<td align=\"left\">Marted\u00ec<\/td>\n<td align=\"right\">Chiuso<\/td>\n<\/tr>\n<tr>\n<td align=\"left\">Mercoled\u00ec<\/td>\n<td align=\"right\">18:00 &#8211; 23:00<\/td>\n<\/tr>\n<tr>\n<td align=\"left\">Gioved\u00ec<\/td>\n<td align=\"right\">18:00 &#8211; 23:00<\/td>\n<\/tr>\n<tr>\n<td align=\"left\">Venerdi<\/td>\n<td align=\"right\">18:00 &#8211; 23:00<\/td>\n<\/tr>\n<tr>\n<td align=\"left\">Sabato<\/td>\n<td align=\"right\">18:00 &#8211; 23:00<\/td>\n<\/tr>\n<tr>\n<td align=\"left\">Domenica<\/td>\n<td align=\"right\">18:00 &#8211; 23:00<\/td>\n<\/tr>\n<\/tbody>\n<\/table>\n<\/div><div class=\"modal-footer\"><button class=\"fusion-button button-default button-medium button default medium\" type=\"button\" data-dismiss=\"modal\">Chiudi<\/button><\/div><\/div><\/div><\/div><div class=\"fusion-sep-clear\"><\/div><div class=\"fusion-separator fusion-full-width-sep\" style=\"margin-left: auto;margin-right: auto;margin-top:10px;margin-bottom:20px;width:100%;\"><\/div><div class=\"fusion-sep-clear\"><\/div><div class=\"fusion-image-element fusion-image-align-center in-legacy-container\" style=\"text-align:center;--awb-max-width:200px;--awb-caption-title-font-family:var(--h2_typography-font-family);--awb-caption-title-font-weight:var(--h2_typography-font-weight);--awb-caption-title-font-style:var(--h2_typography-font-style);--awb-caption-title-size:var(--h2_typography-font-size);--awb-caption-title-transform:var(--h2_typography-text-transform);--awb-caption-title-line-height:var(--h2_typography-line-height);--awb-caption-title-letter-spacing:var(--h2_typography-letter-spacing);\"><div class=\"imageframe-align-center\"><span class=\" fusion-imageframe imageframe-none imageframe-1 hover-type-none\"><img decoding=\"async\" width=\"200\" height=\"120\" title=\"Logo Bagliore\" src=\"https:\/\/menudigitale.info\/millesapori\/wp-content\/uploads\/sites\/6\/2020\/06\/logo-bagliore-1.png\" alt class=\"img-responsive wp-image-4215\"\/><\/span><\/div><\/div><div class=\"fusion-sep-clear\"><\/div><div class=\"fusion-separator fusion-full-width-sep\" style=\"margin-left: auto;margin-right: auto;margin-top:20px;margin-bottom:0px;width:100%;\"><\/div><div class=\"fusion-sep-clear\"><\/div><div class=\"fusion-text fusion-text-1\"><h1 style=\"text-align: center;\"><strong><span style=\"color: #ffffff;\">Men\u00f9 scaduto<\/span><\/strong><\/h1>\n<\/div><div class=\"fusion-text fusion-text-2\"><h2 style=\"text-align: center;\"><strong><span style=\"color: #ffffff;\">Rivolgersi al personale<\/span><\/strong><\/h2>\n<\/div><div class=\"fusion-sep-clear\"><\/div><div class=\"fusion-separator fusion-full-width-sep\" style=\"margin-left: auto;margin-right: auto;margin-top:10px;margin-bottom:0px;width:100%;\"><\/div><div class=\"fusion-sep-clear\"><\/div><div class=\"fusion-menu-anchor\" id=\"menu\"><\/div><div class=\"fusion-clearfix\"><\/div><\/div><\/div><\/div><\/div><\/div>\n","protected":false},"excerpt":{"rendered":"","protected":false},"author":1,"featured_media":5227,"parent":0,"menu_order":0,"comment_status":"closed","ping_status":"closed","template":"100-width.php","meta":{"footnotes":""},"class_list":["post-5262","page","type-page","status-publish","has-post-thumbnail","hentry"],"yoast_head":"<!-- This site is optimized with the Yoast SEO Premium plugin v27.4 (Yoast SEO v27.5) - https:\/\/yoast.com\/product\/yoast-seo-premium-wordpress\/ -->\n<title>Men\u00f9 Digitale di Mille Sapori Ristorante Pizzeria a Siracusa<\/title>\n<meta name=\"description\" content=\"Scansiona il QR Code e scarica il men\u00f9 digitale di Mille Sapori. Men\u00f9 sempre aggiornato! Buona Cena\" \/>\n<meta name=\"robots\" content=\"index, follow, max-snippet:-1, max-image-preview:large, max-video-preview:-1\" \/>\n<link rel=\"canonical\" href=\"https:\/\/menudigitale.info\/millesapori\/mille-sapori-offline\/\" \/>\n<meta property=\"og:locale\" content=\"it_IT\" \/>\n<meta property=\"og:type\" content=\"article\" \/>\n<meta property=\"og:title\" content=\"Mille Sapori offline\" \/>\n<meta property=\"og:description\" content=\"Scansiona il QR Code e scarica il men\u00f9 digitale di Mille Sapori. Men\u00f9 sempre aggiornato! Buona Cena\" \/>\n<meta property=\"og:url\" content=\"https:\/\/menudigitale.info\/millesapori\/mille-sapori-offline\/\" \/>\n<meta property=\"og:site_name\" content=\"Mille Sapori\" \/>\n<meta property=\"article:modified_time\" content=\"2025-06-26T20:37:13+00:00\" \/>\n<meta property=\"og:image\" content=\"http:\/\/menudigitale.info\/millesapori\/wp-content\/uploads\/sites\/6\/2023\/07\/logo-menu-digitale-qrcode.png\" \/>\n\t<meta property=\"og:image:width\" content=\"300\" \/>\n\t<meta property=\"og:image:height\" content=\"300\" \/>\n\t<meta property=\"og:image:type\" content=\"image\/png\" \/>\n<meta name=\"twitter:card\" content=\"summary_large_image\" \/>\n<meta name=\"twitter:label1\" content=\"Tempo di lettura stimato\" \/>\n\t<meta name=\"twitter:data1\" content=\"1 minuto\" \/>\n<script type=\"application\/ld+json\" class=\"yoast-schema-graph\">{\"@context\":\"https:\\\/\\\/schema.org\",\"@graph\":[{\"@type\":\"WebPage\",\"@id\":\"https:\\\/\\\/menudigitale.info\\\/millesapori\\\/mille-sapori-offline\\\/\",\"url\":\"https:\\\/\\\/menudigitale.info\\\/millesapori\\\/mille-sapori-offline\\\/\",\"name\":\"Men\u00f9 Digitale di Mille Sapori Ristorante Pizzeria a Siracusa\",\"isPartOf\":{\"@id\":\"https:\\\/\\\/menudigitale.info\\\/millesapori\\\/#website\"},\"primaryImageOfPage\":{\"@id\":\"https:\\\/\\\/menudigitale.info\\\/millesapori\\\/mille-sapori-offline\\\/#primaryimage\"},\"image\":{\"@id\":\"https:\\\/\\\/menudigitale.info\\\/millesapori\\\/mille-sapori-offline\\\/#primaryimage\"},\"thumbnailUrl\":\"https:\\\/\\\/menudigitale.info\\\/millesapori\\\/wp-content\\\/uploads\\\/sites\\\/6\\\/2023\\\/07\\\/logo-menu-digitale-qrcode.png\",\"datePublished\":\"2025-06-26T20:28:06+00:00\",\"dateModified\":\"2025-06-26T20:37:13+00:00\",\"description\":\"Scansiona il QR Code e scarica il men\u00f9 digitale di Mille Sapori. Men\u00f9 sempre aggiornato! Buona Cena\",\"breadcrumb\":{\"@id\":\"https:\\\/\\\/menudigitale.info\\\/millesapori\\\/mille-sapori-offline\\\/#breadcrumb\"},\"inLanguage\":\"it-IT\",\"potentialAction\":[{\"@type\":\"ReadAction\",\"target\":[\"https:\\\/\\\/menudigitale.info\\\/millesapori\\\/mille-sapori-offline\\\/\"]}]},{\"@type\":\"ImageObject\",\"inLanguage\":\"it-IT\",\"@id\":\"https:\\\/\\\/menudigitale.info\\\/millesapori\\\/mille-sapori-offline\\\/#primaryimage\",\"url\":\"https:\\\/\\\/menudigitale.info\\\/millesapori\\\/wp-content\\\/uploads\\\/sites\\\/6\\\/2023\\\/07\\\/logo-menu-digitale-qrcode.png\",\"contentUrl\":\"https:\\\/\\\/menudigitale.info\\\/millesapori\\\/wp-content\\\/uploads\\\/sites\\\/6\\\/2023\\\/07\\\/logo-menu-digitale-qrcode.png\",\"width\":300,\"height\":300},{\"@type\":\"BreadcrumbList\",\"@id\":\"https:\\\/\\\/menudigitale.info\\\/millesapori\\\/mille-sapori-offline\\\/#breadcrumb\",\"itemListElement\":[{\"@type\":\"ListItem\",\"position\":1,\"name\":\"Home\",\"item\":\"https:\\\/\\\/menudigitale.info\\\/millesapori\\\/\"},{\"@type\":\"ListItem\",\"position\":2,\"name\":\"Mille Sapori offline\"}]},{\"@type\":\"WebSite\",\"@id\":\"https:\\\/\\\/menudigitale.info\\\/millesapori\\\/#website\",\"url\":\"https:\\\/\\\/menudigitale.info\\\/millesapori\\\/\",\"name\":\"Mille Sapori\",\"description\":\"Il Nuovo Men\u00f9 digitale per il tuo locale\",\"publisher\":{\"@id\":\"https:\\\/\\\/menudigitale.info\\\/millesapori\\\/#organization\"},\"potentialAction\":[{\"@type\":\"SearchAction\",\"target\":{\"@type\":\"EntryPoint\",\"urlTemplate\":\"https:\\\/\\\/menudigitale.info\\\/millesapori\\\/?s={search_term_string}\"},\"query-input\":{\"@type\":\"PropertyValueSpecification\",\"valueRequired\":true,\"valueName\":\"search_term_string\"}}],\"inLanguage\":\"it-IT\"},{\"@type\":\"Organization\",\"@id\":\"https:\\\/\\\/menudigitale.info\\\/millesapori\\\/#organization\",\"name\":\"Men\u00f9 Digitale\",\"url\":\"https:\\\/\\\/menudigitale.info\\\/millesapori\\\/\",\"logo\":{\"@type\":\"ImageObject\",\"inLanguage\":\"it-IT\",\"@id\":\"https:\\\/\\\/menudigitale.info\\\/millesapori\\\/#\\\/schema\\\/logo\\\/image\\\/\",\"url\":\"https:\\\/\\\/menudigitale.info\\\/wp-content\\\/uploads\\\/2020\\\/05\\\/logo-menu-digitale.png\",\"contentUrl\":\"https:\\\/\\\/menudigitale.info\\\/wp-content\\\/uploads\\\/2020\\\/05\\\/logo-menu-digitale.png\",\"width\":500,\"height\":250,\"caption\":\"Men\u00f9 Digitale\"},\"image\":{\"@id\":\"https:\\\/\\\/menudigitale.info\\\/millesapori\\\/#\\\/schema\\\/logo\\\/image\\\/\"}}]}<\/script>\n<!-- \/ Yoast SEO Premium plugin. -->","yoast_head_json":{"title":"Men\u00f9 Digitale di Mille Sapori Ristorante Pizzeria a Siracusa","description":"Scansiona il QR Code e scarica il men\u00f9 digitale di Mille Sapori. Men\u00f9 sempre aggiornato! Buona Cena","robots":{"index":"index","follow":"follow","max-snippet":"max-snippet:-1","max-image-preview":"max-image-preview:large","max-video-preview":"max-video-preview:-1"},"canonical":"https:\/\/menudigitale.info\/millesapori\/mille-sapori-offline\/","og_locale":"it_IT","og_type":"article","og_title":"Mille Sapori offline","og_description":"Scansiona il QR Code e scarica il men\u00f9 digitale di Mille Sapori. Men\u00f9 sempre aggiornato! Buona Cena","og_url":"https:\/\/menudigitale.info\/millesapori\/mille-sapori-offline\/","og_site_name":"Mille Sapori","article_modified_time":"2025-06-26T20:37:13+00:00","og_image":[{"width":300,"height":300,"url":"http:\/\/menudigitale.info\/millesapori\/wp-content\/uploads\/sites\/6\/2023\/07\/logo-menu-digitale-qrcode.png","type":"image\/png"}],"twitter_card":"summary_large_image","twitter_misc":{"Tempo di lettura stimato":"1 minuto"},"schema":{"@context":"https:\/\/schema.org","@graph":[{"@type":"WebPage","@id":"https:\/\/menudigitale.info\/millesapori\/mille-sapori-offline\/","url":"https:\/\/menudigitale.info\/millesapori\/mille-sapori-offline\/","name":"Men\u00f9 Digitale di Mille Sapori Ristorante Pizzeria a Siracusa","isPartOf":{"@id":"https:\/\/menudigitale.info\/millesapori\/#website"},"primaryImageOfPage":{"@id":"https:\/\/menudigitale.info\/millesapori\/mille-sapori-offline\/#primaryimage"},"image":{"@id":"https:\/\/menudigitale.info\/millesapori\/mille-sapori-offline\/#primaryimage"},"thumbnailUrl":"https:\/\/menudigitale.info\/millesapori\/wp-content\/uploads\/sites\/6\/2023\/07\/logo-menu-digitale-qrcode.png","datePublished":"2025-06-26T20:28:06+00:00","dateModified":"2025-06-26T20:37:13+00:00","description":"Scansiona il QR Code e scarica il men\u00f9 digitale di Mille Sapori. Men\u00f9 sempre aggiornato! Buona Cena","breadcrumb":{"@id":"https:\/\/menudigitale.info\/millesapori\/mille-sapori-offline\/#breadcrumb"},"inLanguage":"it-IT","potentialAction":[{"@type":"ReadAction","target":["https:\/\/menudigitale.info\/millesapori\/mille-sapori-offline\/"]}]},{"@type":"ImageObject","inLanguage":"it-IT","@id":"https:\/\/menudigitale.info\/millesapori\/mille-sapori-offline\/#primaryimage","url":"https:\/\/menudigitale.info\/millesapori\/wp-content\/uploads\/sites\/6\/2023\/07\/logo-menu-digitale-qrcode.png","contentUrl":"https:\/\/menudigitale.info\/millesapori\/wp-content\/uploads\/sites\/6\/2023\/07\/logo-menu-digitale-qrcode.png","width":300,"height":300},{"@type":"BreadcrumbList","@id":"https:\/\/menudigitale.info\/millesapori\/mille-sapori-offline\/#breadcrumb","itemListElement":[{"@type":"ListItem","position":1,"name":"Home","item":"https:\/\/menudigitale.info\/millesapori\/"},{"@type":"ListItem","position":2,"name":"Mille Sapori offline"}]},{"@type":"WebSite","@id":"https:\/\/menudigitale.info\/millesapori\/#website","url":"https:\/\/menudigitale.info\/millesapori\/","name":"Mille Sapori","description":"Il Nuovo Men\u00f9 digitale per il tuo locale","publisher":{"@id":"https:\/\/menudigitale.info\/millesapori\/#organization"},"potentialAction":[{"@type":"SearchAction","target":{"@type":"EntryPoint","urlTemplate":"https:\/\/menudigitale.info\/millesapori\/?s={search_term_string}"},"query-input":{"@type":"PropertyValueSpecification","valueRequired":true,"valueName":"search_term_string"}}],"inLanguage":"it-IT"},{"@type":"Organization","@id":"https:\/\/menudigitale.info\/millesapori\/#organization","name":"Men\u00f9 Digitale","url":"https:\/\/menudigitale.info\/millesapori\/","logo":{"@type":"ImageObject","inLanguage":"it-IT","@id":"https:\/\/menudigitale.info\/millesapori\/#\/schema\/logo\/image\/","url":"https:\/\/menudigitale.info\/wp-content\/uploads\/2020\/05\/logo-menu-digitale.png","contentUrl":"https:\/\/menudigitale.info\/wp-content\/uploads\/2020\/05\/logo-menu-digitale.png","width":500,"height":250,"caption":"Men\u00f9 Digitale"},"image":{"@id":"https:\/\/menudigitale.info\/millesapori\/#\/schema\/logo\/image\/"}}]}},"_links":{"self":[{"href":"https:\/\/menudigitale.info\/millesapori\/wp-json\/wp\/v2\/pages\/5262","targetHints":{"allow":["GET"]}}],"collection":[{"href":"https:\/\/menudigitale.info\/millesapori\/wp-json\/wp\/v2\/pages"}],"about":[{"href":"https:\/\/menudigitale.info\/millesapori\/wp-json\/wp\/v2\/types\/page"}],"author":[{"embeddable":true,"href":"https:\/\/menudigitale.info\/millesapori\/wp-json\/wp\/v2\/users\/1"}],"replies":[{"embeddable":true,"href":"https:\/\/menudigitale.info\/millesapori\/wp-json\/wp\/v2\/comments?post=5262"}],"version-history":[{"count":0,"href":"https:\/\/menudigitale.info\/millesapori\/wp-json\/wp\/v2\/pages\/5262\/revisions"}],"wp:featuredmedia":[{"embeddable":true,"href":"https:\/\/menudigitale.info\/millesapori\/wp-json\/wp\/v2\/media\/5227"}],"wp:attachment":[{"href":"https:\/\/menudigitale.info\/millesapori\/wp-json\/wp\/v2\/media?parent=5262"}],"curies":[{"name":"wp","href":"https:\/\/api.w.org\/{rel}","templated":true}]}}